{"id":1312,"date":"2024-12-01T22:29:09","date_gmt":"2024-12-02T01:29:09","guid":{"rendered":"https:\/\/altatechbrasil.com.br\/?page_id=1312"},"modified":"2025-03-05T09:59:30","modified_gmt":"2025-03-05T12:59:30","slug":"parceiros-comerciais","status":"publish","type":"page","link":"https:\/\/altatechbrasil.com.br\/en\/parceiros-comerciais\/","title":{"rendered":"Partners"},"content":{"rendered":"<div id=\"speakers\" data-vc-full-width=\"true\" data-vc-full-width-init=\"false\" data-vc-parallax=\"1.5\" class=\"vc_row wpb_row vc_row-fluid vc_row-has-fill vc_general vc_parallax vc_parallax-content-moving bg-image-ps-inherit\"><div class=\"wpb_column vc_column_container vc_col-sm-12\"><div class=\"vc_column-inner vc_custom_1733166668996\"><div class=\"wpb_wrapper\"><div class=\"vc_row wpb_row vc_inner vc_row-fluid\"><div class=\"wpb_column vc_column_container vc_col-sm-2\"><div class=\"vc_column-inner\"><div class=\"wpb_wrapper\"><\/div><\/div><\/div><div class=\"wpb_column vc_column_container vc_col-sm-8\"><div class=\"vc_column-inner\"><div class=\"wpb_wrapper\"><div id=\"ct-heading\" class=\"ct-heading align-center align-center-md align-center-sm align-center-xs  wpb_animate_when_almost_visible wpb_fadeInUp fadeInUp\">\n            <style type=\"text\/css\">\n            @media (min-width: 991px) and (max-width: 1200px) {\n                #ct-heading .ct-heading-tag {\n                                            font-size: 36px !important;\n                                                        }\n            }\n        <\/style>\n    \n            <style type=\"text\/css\">\n            @media (min-width: 768px) and (max-width: 991px) {\n                #ct-heading .ct-heading-tag {\n                                            font-size: 36px !important;\n                                                        }\n            }\n        <\/style>\n    \n            <style type=\"text\/css\">\n            @media screen and (max-width: 767px) {\n                #ct-heading .ct-heading-tag {\n                                            font-size: 30px !important;\n                                                        }\n            }\n        <\/style>\n        \n        \n    <h2 class=\"ct-heading-tag\" style=\"margin-bottom:15px;color:#000000;font-size:36px; \">\n                                    Partners                                    <\/h2>\n\n    \n    <\/div><div class=\"vc_empty_space\"   style=\"height: 30px\"><span class=\"vc_empty_space_inner\"><\/span><\/div><\/div><\/div><\/div><div class=\"wpb_column vc_column_container vc_col-sm-2\"><div class=\"vc_column-inner\"><div class=\"wpb_wrapper\"><\/div><\/div><\/div><\/div><div class=\"vc_row wpb_row vc_inner vc_row-fluid\"><div class=\"wpb_column vc_column_container vc_col-sm-6\"><div class=\"vc_column-inner\"><div class=\"wpb_wrapper\">\n\t<div  class=\"wpb_single_image wpb_content_element vc_align_center  inherit inherit\">\n\t\t\n\t\t<figure class=\"wpb_wrapper vc_figure\">\n\t\t\t<div class=\"vc_single_image-wrapper default  vc_box_border_grey\"><img loading=\"lazy\" decoding=\"async\" width=\"300\" height=\"160\" src=\"https:\/\/altatechbrasil.com.br\/wp-content\/uploads\/2024\/12\/SMD.png\" class=\"vc_single_image-img attachment-thumbnail\" alt=\"\" title=\"SMD\" \/><\/div>\n\t\t<\/figure>\n\t<\/div>\n\n\t<div class=\"wpb_text_column wpb_content_element\" >\n\t\t<div class=\"wpb_wrapper\">\n\t\t\t<p style=\"text-align: justify;\">Altatech is the agent and distributor of SMD in Brazil, an English company with 50+ years of experience in the subsea engineering with the largest range of work-class ROVs on the market and the first company to have spare parts in Rio de Janeiro to attend to its ROVs in Brazil. For more information, please visit SMD\u2019s website: <a href=\"http:\/\/smd.co.uk\" target=\"_blank\" rel=\"noopener\">smd.co.uk<\/a><\/p>\n\n\t\t<\/div>\n\t<\/div>\n<div class=\"vc_separator wpb_content_element vc_separator_align_center vc_sep_width_100 vc_sep_pos_align_center vc_separator_no_text\" ><span class=\"vc_sep_holder vc_sep_holder_l\"><span  style=\"border-color:#1e73be;\" class=\"vc_sep_line\"><\/span><\/span><span class=\"vc_sep_holder vc_sep_holder_r\"><span  style=\"border-color:#1e73be;\" class=\"vc_sep_line\"><\/span><\/span>\n<\/div>\n\t<div  class=\"wpb_single_image wpb_content_element vc_align_center  inherit inherit\">\n\t\t\n\t\t<figure class=\"wpb_wrapper vc_figure\">\n\t\t\t<div class=\"vc_single_image-wrapper default  vc_box_border_grey\"><img loading=\"lazy\" decoding=\"async\" width=\"300\" height=\"160\" src=\"https:\/\/altatechbrasil.com.br\/wp-content\/uploads\/2024\/12\/tt.png\" class=\"vc_single_image-img attachment-thumbnail\" alt=\"\" title=\"tt\" \/><\/div>\n\t\t<\/figure>\n\t<\/div>\n\n\t<div class=\"wpb_text_column wpb_content_element\" >\n\t\t<div class=\"wpb_wrapper\">\n\t\t\t<p style=\"text-align: justify;\">Altatech has a commercial consulting agreement with T&amp;T Sistemi, an Italian company with vast experience in field services for the O&amp;G and Power Generation industries. It has branches in Brazil, Chile, Guyana, Panama and Algeria. In Brazil, it provides services to PRIO, Yinson, Modec, SBM and Baker Hughes. For more information, please visit T&amp;T\u2019s website: <a href=\"http:\/\/tetsistemi.com.br\" target=\"_blank\" rel=\"noopener\">tetsistemi.com.br<\/a><\/p>\n\n\t\t<\/div>\n\t<\/div>\n<div class=\"vc_empty_space\"   style=\"height: 24px\"><span class=\"vc_empty_space_inner\"><\/span><\/div><div class=\"vc_separator wpb_content_element vc_separator_align_center vc_sep_width_100 vc_sep_pos_align_center vc_separator_no_text\" ><span class=\"vc_sep_holder vc_sep_holder_l\"><span  style=\"border-color:#1e73be;\" class=\"vc_sep_line\"><\/span><\/span><span class=\"vc_sep_holder vc_sep_holder_r\"><span  style=\"border-color:#1e73be;\" class=\"vc_sep_line\"><\/span><\/span>\n<\/div>\n\t<div  class=\"wpb_single_image wpb_content_element vc_align_center  inherit inherit\">\n\t\t\n\t\t<figure class=\"wpb_wrapper vc_figure\">\n\t\t\t<div class=\"vc_single_image-wrapper default  vc_box_border_grey\"><img loading=\"lazy\" decoding=\"async\" width=\"300\" height=\"160\" src=\"https:\/\/altatechbrasil.com.br\/wp-content\/uploads\/2024\/12\/ATV.png\" class=\"vc_single_image-img attachment-thumbnail\" alt=\"\" title=\"ATV\" \/><\/div>\n\t\t<\/figure>\n\t<\/div>\n\n\t<div class=\"wpb_text_column wpb_content_element\" >\n\t\t<div class=\"wpb_wrapper\">\n\t\t\t<p style=\"text-align: justify;\">Altatech represents the entire onshore and offshore line of Advanced Technology Valve (ATV), an Italian company that has a long history of supplying special valves to the Brazilian O&amp;G market. For more information, visit the ATV website: <a href=\"http:\/\/atvspa.com\" target=\"_blank\" rel=\"noopener\">atvspa.com<\/a><\/p>\n\n\t\t<\/div>\n\t<\/div>\n<div class=\"vc_empty_space\"   style=\"height: 65px\"><span class=\"vc_empty_space_inner\"><\/span><\/div><div class=\"vc_separator wpb_content_element vc_separator_align_center vc_sep_width_100 vc_sep_pos_align_center vc_separator_no_text\" ><span class=\"vc_sep_holder vc_sep_holder_l\"><span  style=\"border-color:#1e73be;\" class=\"vc_sep_line\"><\/span><\/span><span class=\"vc_sep_holder vc_sep_holder_r\"><span  style=\"border-color:#1e73be;\" class=\"vc_sep_line\"><\/span><\/span>\n<\/div>\n\t<div  class=\"wpb_single_image wpb_content_element vc_align_center  inherit inherit\">\n\t\t\n\t\t<figure class=\"wpb_wrapper vc_figure\">\n\t\t\t<div class=\"vc_single_image-wrapper default  vc_box_border_grey\"><img loading=\"lazy\" decoding=\"async\" width=\"300\" height=\"160\" src=\"https:\/\/altatechbrasil.com.br\/wp-content\/uploads\/2024\/12\/Combet.png\" class=\"vc_single_image-img attachment-thumbnail\" alt=\"\" title=\"Combet\" \/><\/div>\n\t\t<\/figure>\n\t<\/div>\n\n\t<div class=\"wpb_text_column wpb_content_element\" >\n\t\t<div class=\"wpb_wrapper\">\n\t\t\t<p style=\"text-align: justify;\">Altatech is the exclusive agent in Brazil of the Dutch company Combet. Focused on the subsea Oil &amp; Gas market, the company specializes in supplying high-pressure compact valves for PLRs (Pig Launchers and Receivers). It has a long track record supplying valves for companies like Subsea 7, Technip, McDermott, Saipem, Baker Hughes, among others. For more information, visit Combet\u2019s website: <a href=\"http:\/\/combet-valves.com\" target=\"_blank\" rel=\"noopener\">combet-valves.com <br><br><\/a><\/p>\n\n\t\t<\/div>\n\t<\/div>\n<div class=\"vc_separator wpb_content_element vc_separator_align_center vc_sep_width_100 vc_sep_pos_align_center vc_separator_no_text\" ><span class=\"vc_sep_holder vc_sep_holder_l\"><span  style=\"border-color:#1e73be;\" class=\"vc_sep_line\"><\/span><\/span><span class=\"vc_sep_holder vc_sep_holder_r\"><span  style=\"border-color:#1e73be;\" class=\"vc_sep_line\"><\/span><\/span>\n<\/div>\n\t<div  class=\"wpb_single_image wpb_content_element vc_align_center  inherit inherit\">\n\t\t\n\t\t<figure class=\"wpb_wrapper vc_figure\">\n\t\t\t<div class=\"vc_single_image-wrapper default  vc_box_border_grey\"><img loading=\"lazy\" decoding=\"async\" width=\"300\" height=\"160\" src=\"https:\/\/altatechbrasil.com.br\/wp-content\/uploads\/2024\/12\/FES.png\" class=\"vc_single_image-img attachment-thumbnail\" alt=\"\" title=\"FES\" \/><\/div>\n\t\t<\/figure>\n\t<\/div>\n\n\t<div class=\"wpb_text_column wpb_content_element\" >\n\t\t<div class=\"wpb_wrapper\">\n\t\t\t<p style=\"text-align: justify;\">Altatech is a commercial partner of FES Subsea (Flexible Engineered Solutions), an English company with more than 40 years of experience in the design, manufacture and supply of products for the offshore oil &amp; gas and renewable energy markets. For more information, visit the FES website:\u00a0<a href=\"http:\/\/fessubsea.co.uk\/\" target=\"_blank\" rel=\"noopener\">fessubsea.co.uk<\/a><\/p>\n\n\t\t<\/div>\n\t<\/div>\n<div class=\"vc_separator wpb_content_element vc_separator_align_center vc_sep_width_100 vc_sep_pos_align_center vc_separator_no_text\" ><span class=\"vc_sep_holder vc_sep_holder_l\"><span  style=\"border-color:#1e73be;\" class=\"vc_sep_line\"><\/span><\/span><span class=\"vc_sep_holder vc_sep_holder_r\"><span  style=\"border-color:#1e73be;\" class=\"vc_sep_line\"><\/span><\/span>\n<\/div><\/div><\/div><\/div><div class=\"wpb_column vc_column_container vc_col-sm-6\"><div class=\"vc_column-inner\"><div class=\"wpb_wrapper\">\n\t<div  class=\"wpb_single_image wpb_content_element vc_align_center  inherit inherit\">\n\t\t\n\t\t<figure class=\"wpb_wrapper vc_figure\">\n\t\t\t<div class=\"vc_single_image-wrapper default  vc_box_border_grey\"><img loading=\"lazy\" decoding=\"async\" width=\"300\" height=\"160\" src=\"https:\/\/altatechbrasil.com.br\/wp-content\/uploads\/2024\/12\/ctreat.png\" class=\"vc_single_image-img attachment-thumbnail\" alt=\"\" title=\"ctreat\" \/><\/div>\n\t\t<\/figure>\n\t<\/div>\n\n\t<div class=\"wpb_text_column wpb_content_element\" >\n\t\t<div class=\"wpb_wrapper\">\n\t\t\t<p style=\"text-align: justify;\">Altatech is the exclusive sales representative of ITT C\u2019Treat in Brazil, an American company with 30+ years of experience manufacturing high quality reverse osmosis watermakers for the offshore O&amp;G industry. In Brazil, it has equipment installed at Petrobras, PRIO and Perenco. For more information, please visit C\u2019Treat\u2019s website: <a href=\"http:\/\/ctreat.com\" target=\"_blank\" rel=\"noopener\">ctreat.com<\/a><\/p>\n\n\t\t<\/div>\n\t<\/div>\n<div class=\"vc_separator wpb_content_element vc_separator_align_center vc_sep_width_100 vc_sep_pos_align_center vc_separator_no_text\" ><span class=\"vc_sep_holder vc_sep_holder_l\"><span  style=\"border-color:#1e73be;\" class=\"vc_sep_line\"><\/span><\/span><span class=\"vc_sep_holder vc_sep_holder_r\"><span  style=\"border-color:#1e73be;\" class=\"vc_sep_line\"><\/span><\/span>\n<\/div>\n\t<div  class=\"wpb_single_image wpb_content_element vc_align_center  inherit inherit\">\n\t\t\n\t\t<figure class=\"wpb_wrapper vc_figure\">\n\t\t\t<div class=\"vc_single_image-wrapper default  vc_box_border_grey\"><img loading=\"lazy\" decoding=\"async\" width=\"300\" height=\"160\" src=\"https:\/\/altatechbrasil.com.br\/wp-content\/uploads\/2024\/12\/df.png\" class=\"vc_single_image-img attachment-thumbnail\" alt=\"\" title=\"df\" \/><\/div>\n\t\t<\/figure>\n\t<\/div>\n\n\t<div class=\"wpb_text_column wpb_content_element\" >\n\t\t<div class=\"wpb_wrapper\">\n\t\t\t<p style=\"text-align: justify;\">Altatech has a commercial consulting agreement with Duro Felguera, Spanish group with over 150 years of experience implementing key projects for the industrial and energy markets. In Brazil, the group was responsible for the construction of 2 LNG Terminals for Petrobras and 2 Power Plants for Eneva. For more information, visit DF\u2019s website: <a href=\"http:\/\/durofelguera.com\" target=\"_blank\" rel=\"noopener\">durofelguera.com<\/a><\/p>\n\n\t\t<\/div>\n\t<\/div>\n<div class=\"vc_empty_space\"   style=\"height: 23px\"><span class=\"vc_empty_space_inner\"><\/span><\/div><div class=\"vc_separator wpb_content_element vc_separator_align_center vc_sep_width_100 vc_sep_pos_align_center vc_separator_no_text\" ><span class=\"vc_sep_holder vc_sep_holder_l\"><span  style=\"border-color:#1e73be;\" class=\"vc_sep_line\"><\/span><\/span><span class=\"vc_sep_holder vc_sep_holder_r\"><span  style=\"border-color:#1e73be;\" class=\"vc_sep_line\"><\/span><\/span>\n<\/div>\n\t<div  class=\"wpb_single_image wpb_content_element vc_align_center  inherit inherit\">\n\t\t\n\t\t<figure class=\"wpb_wrapper vc_figure\">\n\t\t\t<div class=\"vc_single_image-wrapper default  vc_box_border_grey\"><img loading=\"lazy\" decoding=\"async\" width=\"300\" height=\"160\" src=\"https:\/\/altatechbrasil.com.br\/wp-content\/uploads\/2024\/12\/kcon.png\" class=\"vc_single_image-img attachment-thumbnail\" alt=\"\" title=\"kcon\" \/><\/div>\n\t\t<\/figure>\n\t<\/div>\n\n\t<div class=\"wpb_text_column wpb_content_element\" >\n\t\t<div class=\"wpb_wrapper\">\n\t\t\t<p style=\"text-align: justify;\">Altatech is the exclusive sales representative of Kcon in Brazil, a Chinese company specialized in valve manufacturing for the Oil &amp; Gas and Petrochemical industries. It\u2019s registered and technically approved by Petrobras (CRC). In Brazil, it has supplied valves to Petrobras, Ocyan and 3R Petroleum. For more information, please visit Kcon\u2019s website: <a href=\"http:\/\/kconvalve.com\" target=\"_blank\" rel=\"noopener\">kconvalve.com<\/a><\/p>\n\n\t\t<\/div>\n\t<\/div>\n<div class=\"vc_empty_space\"   style=\"height: 19px\"><span class=\"vc_empty_space_inner\"><\/span><\/div><div class=\"vc_separator wpb_content_element vc_separator_align_center vc_sep_width_100 vc_sep_pos_align_center vc_separator_no_text\" ><span class=\"vc_sep_holder vc_sep_holder_l\"><span  style=\"border-color:#1e73be;\" class=\"vc_sep_line\"><\/span><\/span><span class=\"vc_sep_holder vc_sep_holder_r\"><span  style=\"border-color:#1e73be;\" class=\"vc_sep_line\"><\/span><\/span>\n<\/div>\n\t<div  class=\"wpb_single_image wpb_content_element vc_align_center  inherit inherit\">\n\t\t\n\t\t<figure class=\"wpb_wrapper vc_figure\">\n\t\t\t<div class=\"vc_single_image-wrapper default  vc_box_border_grey\"><img loading=\"lazy\" decoding=\"async\" width=\"300\" height=\"160\" src=\"https:\/\/altatechbrasil.com.br\/wp-content\/uploads\/2024\/12\/Cortec.png\" class=\"vc_single_image-img attachment-thumbnail\" alt=\"\" title=\"Cortec\" \/><\/div>\n\t\t<\/figure>\n\t<\/div>\n\n\t<div class=\"wpb_text_column wpb_content_element\" >\n\t\t<div class=\"wpb_wrapper\">\n\t\t\t<p style=\"text-align: justify;\">Altatech is the exclusive sales representative of Cortec in Brazil, an US company specialized in the design and manufacture of choke valve and high pressure compact ball and check valves. With 2 factories in the USA, Cortec is a licensed manufacturer to the API 6A standard and has a registered quality program in accordance with ISO 9001 and API Q1 standards. For more information, visit the Cortec website:\u00a0<a href=\"http:\/\/www.uscortec.com\/\" target=\"_blank\" rel=\"noopener\">uscortec.com<\/a><\/p>\n\n\t\t<\/div>\n\t<\/div>\n<div class=\"vc_empty_space\"   style=\"height: 22px\"><span class=\"vc_empty_space_inner\"><\/span><\/div><div class=\"vc_separator wpb_content_element vc_separator_align_center vc_sep_width_100 vc_sep_pos_align_center vc_separator_no_text\" ><span class=\"vc_sep_holder vc_sep_holder_l\"><span  style=\"border-color:#1e73be;\" class=\"vc_sep_line\"><\/span><\/span><span class=\"vc_sep_holder vc_sep_holder_r\"><span  style=\"border-color:#1e73be;\" class=\"vc_sep_line\"><\/span><\/span>\n<\/div><\/div><\/div><\/div><\/div><div class=\"vc_empty_space\"   style=\"height: 30px\"><span class=\"vc_empty_space_inner\"><\/span><\/div><\/div><\/div><\/div><\/div><div class=\"vc_row-full-width vc_clearfix\"><\/div>","protected":false},"excerpt":{"rendered":"Parceiros A Altatech \u00e9 o distribuidor e representante da SMD no Brasil, empresa inglesa com mais de 50 anos de experi\u00eancia em engenharia submarina, sendo um dos maiores fornecedores de ROVs Work-Class do mundo e o \u00fanico com sobressalentes em estoque no Rio de Janeiro para atender os clientes no Brasil. Para maiores informa\u00e7\u00f5es, visite [...]","protected":false},"author":2,"featured_media":0,"parent":0,"menu_order":0,"comment_status":"closed","ping_status":"closed","template":"","meta":{"footnotes":""},"class_list":["post-1312","page","type-page","status-publish","hentry"],"yoast_head":"<!-- This site is optimized with the Yoast SEO plugin v27.2 - https:\/\/yoast.com\/product\/yoast-seo-wordpress\/ -->\n<title>Parceiros comerciais<\/title>\n<meta name=\"description\" content=\"Representamos empresas renomadas no setor de Petr\u00f3leo, \u00d3leo e G\u00e1s, Energia e Offshore\" \/>\n<meta name=\"robots\" content=\"index, follow, max-snippet:-1, max-image-preview:large, max-video-preview:-1\" \/>\n<link rel=\"canonical\" href=\"https:\/\/altatechbrasil.com.br\/en\/parceiros-comerciais\/\" \/>\n<meta property=\"og:locale\" content=\"en_US\" \/>\n<meta property=\"og:type\" content=\"article\" \/>\n<meta property=\"og:title\" content=\"Parceiros comerciais\" \/>\n<meta property=\"og:description\" content=\"Representamos empresas renomadas no setor de Petr\u00f3leo, \u00d3leo e G\u00e1s, Energia e Offshore\" \/>\n<meta property=\"og:url\" content=\"https:\/\/altatechbrasil.com.br\/en\/parceiros-comerciais\/\" \/>\n<meta property=\"og:site_name\" content=\"Altatech\" \/>\n<meta property=\"article:modified_time\" content=\"2025-03-05T12:59:30+00:00\" \/>\n<meta property=\"og:image\" content=\"https:\/\/altatechbrasil.com.br\/wp-content\/uploads\/2024\/12\/Logo-site.png\" \/>\n\t<meta property=\"og:image:width\" content=\"218\" \/>\n\t<meta property=\"og:image:height\" content=\"33\" \/>\n\t<meta property=\"og:image:type\" content=\"image\/png\" \/>\n<meta name=\"twitter:label1\" content=\"Est. reading time\" \/>\n\t<meta name=\"twitter:data1\" content=\"4 minutes\" \/>\n<script type=\"application\/ld+json\" class=\"yoast-schema-graph\">{\"@context\":\"https:\/\/schema.org\",\"@graph\":[{\"@type\":\"WebPage\",\"@id\":\"https:\/\/altatechbrasil.com.br\/parceiros-comerciais\/\",\"url\":\"https:\/\/altatechbrasil.com.br\/parceiros-comerciais\/\",\"name\":\"Parceiros comerciais\",\"isPartOf\":{\"@id\":\"https:\/\/altatechbrasil.com.br\/#website\"},\"datePublished\":\"2024-12-02T01:29:09+00:00\",\"dateModified\":\"2025-03-05T12:59:30+00:00\",\"description\":\"Representamos empresas renomadas no setor de Petr\u00f3leo, \u00d3leo e G\u00e1s, Energia e Offshore\",\"breadcrumb\":{\"@id\":\"https:\/\/altatechbrasil.com.br\/parceiros-comerciais\/#breadcrumb\"},\"inLanguage\":\"en-US\",\"potentialAction\":[{\"@type\":\"ReadAction\",\"target\":[\"https:\/\/altatechbrasil.com.br\/parceiros-comerciais\/\"]}]},{\"@type\":\"BreadcrumbList\",\"@id\":\"https:\/\/altatechbrasil.com.br\/parceiros-comerciais\/#breadcrumb\",\"itemListElement\":[{\"@type\":\"ListItem\",\"position\":1,\"name\":\"In\u00edcio\",\"item\":\"https:\/\/altatechbrasil.com.br\/\"},{\"@type\":\"ListItem\",\"position\":2,\"name\":\"Parceiros\"}]},{\"@type\":\"WebSite\",\"@id\":\"https:\/\/altatechbrasil.com.br\/#website\",\"url\":\"https:\/\/altatechbrasil.com.br\/\",\"name\":\"Altatech\",\"description\":\"Consultoria comercial e t\u00e9cnica no Mercado offshore de Petr\u00f3leo e G\u00e1s\",\"publisher\":{\"@id\":\"https:\/\/altatechbrasil.com.br\/#organization\"},\"potentialAction\":[{\"@type\":\"SearchAction\",\"target\":{\"@type\":\"EntryPoint\",\"urlTemplate\":\"https:\/\/altatechbrasil.com.br\/?s={search_term_string}\"},\"query-input\":{\"@type\":\"PropertyValueSpecification\",\"valueRequired\":true,\"valueName\":\"search_term_string\"}}],\"inLanguage\":\"en-US\"},{\"@type\":\"Organization\",\"@id\":\"https:\/\/altatechbrasil.com.br\/#organization\",\"name\":\"AltaTech Brasil\",\"url\":\"https:\/\/altatechbrasil.com.br\/\",\"logo\":{\"@type\":\"ImageObject\",\"inLanguage\":\"en-US\",\"@id\":\"https:\/\/altatechbrasil.com.br\/#\/schema\/logo\/image\/\",\"url\":\"https:\/\/altatechbrasil.com.br\/wp-content\/uploads\/2024\/12\/Logo-site.png\",\"contentUrl\":\"https:\/\/altatechbrasil.com.br\/wp-content\/uploads\/2024\/12\/Logo-site.png\",\"width\":218,\"height\":33,\"caption\":\"AltaTech Brasil\"},\"image\":{\"@id\":\"https:\/\/altatechbrasil.com.br\/#\/schema\/logo\/image\/\"}}]}<\/script>\n<!-- \/ Yoast SEO plugin. -->","yoast_head_json":{"title":"Parceiros comerciais","description":"Representamos empresas renomadas no setor de Petr\u00f3leo, \u00d3leo e G\u00e1s, Energia e Offshore","robots":{"index":"index","follow":"follow","max-snippet":"max-snippet:-1","max-image-preview":"max-image-preview:large","max-video-preview":"max-video-preview:-1"},"canonical":"https:\/\/altatechbrasil.com.br\/en\/parceiros-comerciais\/","og_locale":"en_US","og_type":"article","og_title":"Parceiros comerciais","og_description":"Representamos empresas renomadas no setor de Petr\u00f3leo, \u00d3leo e G\u00e1s, Energia e Offshore","og_url":"https:\/\/altatechbrasil.com.br\/en\/parceiros-comerciais\/","og_site_name":"Altatech","article_modified_time":"2025-03-05T12:59:30+00:00","og_image":[{"width":218,"height":33,"url":"https:\/\/altatechbrasil.com.br\/wp-content\/uploads\/2024\/12\/Logo-site.png","type":"image\/png"}],"twitter_misc":{"Est. reading time":"4 minutes"},"schema":{"@context":"https:\/\/schema.org","@graph":[{"@type":"WebPage","@id":"https:\/\/altatechbrasil.com.br\/parceiros-comerciais\/","url":"https:\/\/altatechbrasil.com.br\/parceiros-comerciais\/","name":"Parceiros comerciais","isPartOf":{"@id":"https:\/\/altatechbrasil.com.br\/#website"},"datePublished":"2024-12-02T01:29:09+00:00","dateModified":"2025-03-05T12:59:30+00:00","description":"Representamos empresas renomadas no setor de Petr\u00f3leo, \u00d3leo e G\u00e1s, Energia e Offshore","breadcrumb":{"@id":"https:\/\/altatechbrasil.com.br\/parceiros-comerciais\/#breadcrumb"},"inLanguage":"en-US","potentialAction":[{"@type":"ReadAction","target":["https:\/\/altatechbrasil.com.br\/parceiros-comerciais\/"]}]},{"@type":"BreadcrumbList","@id":"https:\/\/altatechbrasil.com.br\/parceiros-comerciais\/#breadcrumb","itemListElement":[{"@type":"ListItem","position":1,"name":"In\u00edcio","item":"https:\/\/altatechbrasil.com.br\/"},{"@type":"ListItem","position":2,"name":"Parceiros"}]},{"@type":"WebSite","@id":"https:\/\/altatechbrasil.com.br\/#website","url":"https:\/\/altatechbrasil.com.br\/","name":"Altatech","description":"Consultoria comercial e t\u00e9cnica no Mercado offshore de Petr\u00f3leo e G\u00e1s","publisher":{"@id":"https:\/\/altatechbrasil.com.br\/#organization"},"potentialAction":[{"@type":"SearchAction","target":{"@type":"EntryPoint","urlTemplate":"https:\/\/altatechbrasil.com.br\/?s={search_term_string}"},"query-input":{"@type":"PropertyValueSpecification","valueRequired":true,"valueName":"search_term_string"}}],"inLanguage":"en-US"},{"@type":"Organization","@id":"https:\/\/altatechbrasil.com.br\/#organization","name":"AltaTech Brasil","url":"https:\/\/altatechbrasil.com.br\/","logo":{"@type":"ImageObject","inLanguage":"en-US","@id":"https:\/\/altatechbrasil.com.br\/#\/schema\/logo\/image\/","url":"https:\/\/altatechbrasil.com.br\/wp-content\/uploads\/2024\/12\/Logo-site.png","contentUrl":"https:\/\/altatechbrasil.com.br\/wp-content\/uploads\/2024\/12\/Logo-site.png","width":218,"height":33,"caption":"AltaTech Brasil"},"image":{"@id":"https:\/\/altatechbrasil.com.br\/#\/schema\/logo\/image\/"}}]}},"_links":{"self":[{"href":"https:\/\/altatechbrasil.com.br\/en\/wp-json\/wp\/v2\/pages\/1312","targetHints":{"allow":["GET"]}}],"collection":[{"href":"https:\/\/altatechbrasil.com.br\/en\/wp-json\/wp\/v2\/pages"}],"about":[{"href":"https:\/\/altatechbrasil.com.br\/en\/wp-json\/wp\/v2\/types\/page"}],"author":[{"embeddable":true,"href":"https:\/\/altatechbrasil.com.br\/en\/wp-json\/wp\/v2\/users\/2"}],"replies":[{"embeddable":true,"href":"https:\/\/altatechbrasil.com.br\/en\/wp-json\/wp\/v2\/comments?post=1312"}],"version-history":[{"count":0,"href":"https:\/\/altatechbrasil.com.br\/en\/wp-json\/wp\/v2\/pages\/1312\/revisions"}],"wp:attachment":[{"href":"https:\/\/altatechbrasil.com.br\/en\/wp-json\/wp\/v2\/media?parent=1312"}],"curies":[{"name":"wp","href":"https:\/\/api.w.org\/{rel}","templated":true}]}}