{"id":1267,"date":"2024-12-01T19:22:35","date_gmt":"2024-12-01T22:22:35","guid":{"rendered":"https:\/\/altatechbrasil.com.br\/?page_id=1267"},"modified":"2024-12-26T16:53:22","modified_gmt":"2024-12-26T19:53:22","slug":"servicos-energia-petroleo-e-gas","status":"publish","type":"page","link":"https:\/\/altatechbrasil.com.br\/en\/servicos-energia-petroleo-e-gas\/","title":{"rendered":"Services"},"content":{"rendered":"<div id=\"speakers\" data-vc-full-width=\"true\" data-vc-full-width-init=\"false\" data-vc-parallax=\"1.5\" data-vc-parallax-image=\"https:\/\/altatechbrasil.com.br\/wp-content\/uploads\/2024\/11\/predios.jpg\" class=\"vc_row wpb_row vc_row-fluid vc_custom_1733069980701 vc_row-has-fill vc_general vc_parallax vc_parallax-content-moving bg-image-ps-inherit\"><div class=\"wpb_column vc_column_container vc_col-sm-12\"><div class=\"vc_column-inner vc_custom_1533823149962\"><div class=\"wpb_wrapper\"><div class=\"vc_row wpb_row vc_inner vc_row-fluid\"><div class=\"wpb_column vc_column_container vc_col-sm-2\"><div class=\"vc_column-inner\"><div class=\"wpb_wrapper\"><\/div><\/div><\/div><div class=\"wpb_column vc_column_container vc_col-sm-8\"><div class=\"vc_column-inner\"><div class=\"wpb_wrapper\"><div id=\"ct-heading\" class=\"ct-heading align-center align-center-md align-center-sm align-center-xs  wpb_animate_when_almost_visible wpb_fadeInUp fadeInUp\">\n            <style type=\"text\/css\">\n            @media (min-width: 991px) and (max-width: 1200px) {\n                #ct-heading .ct-heading-tag {\n                                            font-size: 36px !important;\n                                                        }\n            }\n        <\/style>\n    \n            <style type=\"text\/css\">\n            @media (min-width: 768px) and (max-width: 991px) {\n                #ct-heading .ct-heading-tag {\n                                            font-size: 36px !important;\n                                                        }\n            }\n        <\/style>\n    \n            <style type=\"text\/css\">\n            @media screen and (max-width: 767px) {\n                #ct-heading .ct-heading-tag {\n                                            font-size: 30px !important;\n                                                        }\n            }\n        <\/style>\n        \n        \n    <h3 class=\"ct-heading-tag\" style=\"margin-bottom:15px;color:#000000;font-size:36px; \">\n                                    Services                                    <\/h3>\n\n    \n    <\/div><div class=\"vc_empty_space\"   style=\"height: 30px\"><span class=\"vc_empty_space_inner\"><\/span><\/div><\/div><\/div><\/div><div class=\"wpb_column vc_column_container vc_col-sm-2\"><div class=\"vc_column-inner\"><div class=\"wpb_wrapper\"><\/div><\/div><\/div><\/div><div class=\"vc_row wpb_row vc_inner vc_row-fluid\"><div class=\"wpb_column vc_column_container vc_col-sm-12\"><div class=\"vc_column-inner\"><div class=\"wpb_wrapper\">\n\t<div class=\"wpb_text_column wpb_content_element\" >\n\t\t<div class=\"wpb_wrapper\">\n\t\t\t<h3><strong>Commercial And Technical Consulting Services<\/strong><\/h3>\n<p style=\"text-align: justify;\">Taking advantage of over 20 years of experience, Altatech offers commercial and technical consulting services for local and foreign companies interested in the Brazilian O&amp;G and Energy Markets.<\/p>\n<p style=\"text-align: justify;\">The company performs Market Research, Commercial Presentations, Projects Evaluation, Supplier Registration and Qualification Processes, Institutional Visits, Strategic Partnerships Development, Elaboration of Proposals, Contract Negotiations, After-Sales Service and Claims in addition to Legal, Accounting, HR and Immigration support for foreign companies starting their business in Brazil.<\/p>\n<p style=\"text-align: justify;\">By providing consulting services to important national and international groups, Altatech keeps its compliance protocols updated in accordance with the anti-corruption Brazilian law 12.846\/2013, in addition to following the international laws UK Bribery Act 2010 and US Foreign Corrupt Practices Act (FCPA).<\/p>\n\n\t\t<\/div>\n\t<\/div>\n\n\t<div class=\"wpb_text_column wpb_content_element\" >\n\t\t<div class=\"wpb_wrapper\">\n\t\t\t<h3 style=\"text-align: justify;\"><strong>Offshore Services<\/strong><\/h3>\n<p style=\"text-align: justify;\">Altatech has a vast experience in the offshore market and has a qualified and certified team to provide offshore services for products and equipment supplied by our partners, all in comply with the safety and quality standards required by the industry.<\/p>\n\n\t\t<\/div>\n\t<\/div>\n<\/div><\/div><\/div><\/div><div class=\"vc_empty_space\"   style=\"height: 30px\"><span class=\"vc_empty_space_inner\"><\/span><\/div><\/div><\/div><\/div><\/div><div class=\"vc_row-full-width vc_clearfix\"><\/div>","protected":false},"excerpt":{"rendered":"Servi\u00e7os Consultoria Comercial e T\u00e9cnica Com toda a experi\u00eancia adquirida ao longo de mais de 20 anos, a Altatech oferece consultoria t\u00e9cnica e de desenvolvimento comercial para empresas nacionais e estrangeiras interessadas no mercado de Energia e O&amp;G brasileiro. A empresa presta servi\u00e7os de An\u00e1lise de Mercado, Apresenta\u00e7\u00e3o Comercial, Levantamento e An\u00e1lise de Oportunidades, Cadastro [...]","protected":false},"author":2,"featured_media":0,"parent":0,"menu_order":0,"comment_status":"closed","ping_status":"closed","template":"","meta":{"footnotes":""},"class_list":["post-1267","page","type-page","status-publish","hentry"],"yoast_head":"<!-- This site is optimized with the Yoast SEO plugin v27.2 - https:\/\/yoast.com\/product\/yoast-seo-wordpress\/ -->\n<title>Servi\u00e7os no Mercado de Energia, Petr\u00f3leo e G\u00e1s<\/title>\n<meta name=\"description\" content=\"Consultoria t\u00e9cnica e desenvolvimento comercial para empresas interessadas no mercado de Energia e Petr\u00f3leo e G\u00e1s (O&amp;G).\" \/>\n<meta name=\"robots\" content=\"index, follow, max-snippet:-1, max-image-preview:large, max-video-preview:-1\" \/>\n<link rel=\"canonical\" href=\"https:\/\/altatechbrasil.com.br\/en\/servicos-energia-petroleo-e-gas\/\" \/>\n<meta property=\"og:locale\" content=\"en_US\" \/>\n<meta property=\"og:type\" content=\"article\" \/>\n<meta property=\"og:title\" content=\"Servi\u00e7os no Mercado de Energia, Petr\u00f3leo e G\u00e1s\" \/>\n<meta property=\"og:description\" content=\"Consultoria t\u00e9cnica e desenvolvimento comercial para empresas interessadas no mercado de Energia e Petr\u00f3leo e G\u00e1s (O&amp;G).\" \/>\n<meta property=\"og:url\" content=\"https:\/\/altatechbrasil.com.br\/en\/servicos-energia-petroleo-e-gas\/\" \/>\n<meta property=\"og:site_name\" content=\"Altatech\" \/>\n<meta property=\"article:modified_time\" content=\"2024-12-26T19:53:22+00:00\" \/>\n<meta property=\"og:image\" content=\"https:\/\/altatechbrasil.com.br\/wp-content\/uploads\/2024\/12\/Logo-site.png\" \/>\n\t<meta property=\"og:image:width\" content=\"218\" \/>\n\t<meta property=\"og:image:height\" content=\"33\" \/>\n\t<meta property=\"og:image:type\" content=\"image\/png\" \/>\n<meta name=\"twitter:label1\" content=\"Est. reading time\" \/>\n\t<meta name=\"twitter:data1\" content=\"2 minutes\" \/>\n<script type=\"application\/ld+json\" class=\"yoast-schema-graph\">{\"@context\":\"https:\/\/schema.org\",\"@graph\":[{\"@type\":\"WebPage\",\"@id\":\"https:\/\/altatechbrasil.com.br\/servicos-energia-petroleo-e-gas\/\",\"url\":\"https:\/\/altatechbrasil.com.br\/servicos-energia-petroleo-e-gas\/\",\"name\":\"Servi\u00e7os no Mercado de Energia, Petr\u00f3leo e G\u00e1s\",\"isPartOf\":{\"@id\":\"https:\/\/altatechbrasil.com.br\/#website\"},\"datePublished\":\"2024-12-01T22:22:35+00:00\",\"dateModified\":\"2024-12-26T19:53:22+00:00\",\"description\":\"Consultoria t\u00e9cnica e desenvolvimento comercial para empresas interessadas no mercado de Energia e Petr\u00f3leo e G\u00e1s (O&G).\",\"breadcrumb\":{\"@id\":\"https:\/\/altatechbrasil.com.br\/servicos-energia-petroleo-e-gas\/#breadcrumb\"},\"inLanguage\":\"en-US\",\"potentialAction\":[{\"@type\":\"ReadAction\",\"target\":[\"https:\/\/altatechbrasil.com.br\/servicos-energia-petroleo-e-gas\/\"]}]},{\"@type\":\"BreadcrumbList\",\"@id\":\"https:\/\/altatechbrasil.com.br\/servicos-energia-petroleo-e-gas\/#breadcrumb\",\"itemListElement\":[{\"@type\":\"ListItem\",\"position\":1,\"name\":\"In\u00edcio\",\"item\":\"https:\/\/altatechbrasil.com.br\/\"},{\"@type\":\"ListItem\",\"position\":2,\"name\":\"Servi\u00e7os\"}]},{\"@type\":\"WebSite\",\"@id\":\"https:\/\/altatechbrasil.com.br\/#website\",\"url\":\"https:\/\/altatechbrasil.com.br\/\",\"name\":\"Altatech\",\"description\":\"Consultoria comercial e t\u00e9cnica no Mercado offshore de Petr\u00f3leo e G\u00e1s\",\"publisher\":{\"@id\":\"https:\/\/altatechbrasil.com.br\/#organization\"},\"potentialAction\":[{\"@type\":\"SearchAction\",\"target\":{\"@type\":\"EntryPoint\",\"urlTemplate\":\"https:\/\/altatechbrasil.com.br\/?s={search_term_string}\"},\"query-input\":{\"@type\":\"PropertyValueSpecification\",\"valueRequired\":true,\"valueName\":\"search_term_string\"}}],\"inLanguage\":\"en-US\"},{\"@type\":\"Organization\",\"@id\":\"https:\/\/altatechbrasil.com.br\/#organization\",\"name\":\"AltaTech Brasil\",\"url\":\"https:\/\/altatechbrasil.com.br\/\",\"logo\":{\"@type\":\"ImageObject\",\"inLanguage\":\"en-US\",\"@id\":\"https:\/\/altatechbrasil.com.br\/#\/schema\/logo\/image\/\",\"url\":\"https:\/\/altatechbrasil.com.br\/wp-content\/uploads\/2024\/12\/Logo-site.png\",\"contentUrl\":\"https:\/\/altatechbrasil.com.br\/wp-content\/uploads\/2024\/12\/Logo-site.png\",\"width\":218,\"height\":33,\"caption\":\"AltaTech Brasil\"},\"image\":{\"@id\":\"https:\/\/altatechbrasil.com.br\/#\/schema\/logo\/image\/\"}}]}<\/script>\n<!-- \/ Yoast SEO plugin. -->","yoast_head_json":{"title":"Servi\u00e7os no Mercado de Energia, Petr\u00f3leo e G\u00e1s","description":"Consultoria t\u00e9cnica e desenvolvimento comercial para empresas interessadas no mercado de Energia e Petr\u00f3leo e G\u00e1s (O&G).","robots":{"index":"index","follow":"follow","max-snippet":"max-snippet:-1","max-image-preview":"max-image-preview:large","max-video-preview":"max-video-preview:-1"},"canonical":"https:\/\/altatechbrasil.com.br\/en\/servicos-energia-petroleo-e-gas\/","og_locale":"en_US","og_type":"article","og_title":"Servi\u00e7os no Mercado de Energia, Petr\u00f3leo e G\u00e1s","og_description":"Consultoria t\u00e9cnica e desenvolvimento comercial para empresas interessadas no mercado de Energia e Petr\u00f3leo e G\u00e1s (O&G).","og_url":"https:\/\/altatechbrasil.com.br\/en\/servicos-energia-petroleo-e-gas\/","og_site_name":"Altatech","article_modified_time":"2024-12-26T19:53:22+00:00","og_image":[{"width":218,"height":33,"url":"https:\/\/altatechbrasil.com.br\/wp-content\/uploads\/2024\/12\/Logo-site.png","type":"image\/png"}],"twitter_misc":{"Est. reading time":"2 minutes"},"schema":{"@context":"https:\/\/schema.org","@graph":[{"@type":"WebPage","@id":"https:\/\/altatechbrasil.com.br\/servicos-energia-petroleo-e-gas\/","url":"https:\/\/altatechbrasil.com.br\/servicos-energia-petroleo-e-gas\/","name":"Servi\u00e7os no Mercado de Energia, Petr\u00f3leo e G\u00e1s","isPartOf":{"@id":"https:\/\/altatechbrasil.com.br\/#website"},"datePublished":"2024-12-01T22:22:35+00:00","dateModified":"2024-12-26T19:53:22+00:00","description":"Consultoria t\u00e9cnica e desenvolvimento comercial para empresas interessadas no mercado de Energia e Petr\u00f3leo e G\u00e1s (O&G).","breadcrumb":{"@id":"https:\/\/altatechbrasil.com.br\/servicos-energia-petroleo-e-gas\/#breadcrumb"},"inLanguage":"en-US","potentialAction":[{"@type":"ReadAction","target":["https:\/\/altatechbrasil.com.br\/servicos-energia-petroleo-e-gas\/"]}]},{"@type":"BreadcrumbList","@id":"https:\/\/altatechbrasil.com.br\/servicos-energia-petroleo-e-gas\/#breadcrumb","itemListElement":[{"@type":"ListItem","position":1,"name":"In\u00edcio","item":"https:\/\/altatechbrasil.com.br\/"},{"@type":"ListItem","position":2,"name":"Servi\u00e7os"}]},{"@type":"WebSite","@id":"https:\/\/altatechbrasil.com.br\/#website","url":"https:\/\/altatechbrasil.com.br\/","name":"Altatech","description":"Consultoria comercial e t\u00e9cnica no Mercado offshore de Petr\u00f3leo e G\u00e1s","publisher":{"@id":"https:\/\/altatechbrasil.com.br\/#organization"},"potentialAction":[{"@type":"SearchAction","target":{"@type":"EntryPoint","urlTemplate":"https:\/\/altatechbrasil.com.br\/?s={search_term_string}"},"query-input":{"@type":"PropertyValueSpecification","valueRequired":true,"valueName":"search_term_string"}}],"inLanguage":"en-US"},{"@type":"Organization","@id":"https:\/\/altatechbrasil.com.br\/#organization","name":"AltaTech Brasil","url":"https:\/\/altatechbrasil.com.br\/","logo":{"@type":"ImageObject","inLanguage":"en-US","@id":"https:\/\/altatechbrasil.com.br\/#\/schema\/logo\/image\/","url":"https:\/\/altatechbrasil.com.br\/wp-content\/uploads\/2024\/12\/Logo-site.png","contentUrl":"https:\/\/altatechbrasil.com.br\/wp-content\/uploads\/2024\/12\/Logo-site.png","width":218,"height":33,"caption":"AltaTech Brasil"},"image":{"@id":"https:\/\/altatechbrasil.com.br\/#\/schema\/logo\/image\/"}}]}},"_links":{"self":[{"href":"https:\/\/altatechbrasil.com.br\/en\/wp-json\/wp\/v2\/pages\/1267","targetHints":{"allow":["GET"]}}],"collection":[{"href":"https:\/\/altatechbrasil.com.br\/en\/wp-json\/wp\/v2\/pages"}],"about":[{"href":"https:\/\/altatechbrasil.com.br\/en\/wp-json\/wp\/v2\/types\/page"}],"author":[{"embeddable":true,"href":"https:\/\/altatechbrasil.com.br\/en\/wp-json\/wp\/v2\/users\/2"}],"replies":[{"embeddable":true,"href":"https:\/\/altatechbrasil.com.br\/en\/wp-json\/wp\/v2\/comments?post=1267"}],"version-history":[{"count":0,"href":"https:\/\/altatechbrasil.com.br\/en\/wp-json\/wp\/v2\/pages\/1267\/revisions"}],"wp:attachment":[{"href":"https:\/\/altatechbrasil.com.br\/en\/wp-json\/wp\/v2\/media?parent=1267"}],"curies":[{"name":"wp","href":"https:\/\/api.w.org\/{rel}","templated":true}]}}